{"id":2527,"date":"2025-10-16T03:25:04","date_gmt":"2025-10-16T03:25:04","guid":{"rendered":"http:\/\/localhost\/luxivo\/?page_id=2527"},"modified":"2026-04-10T22:09:29","modified_gmt":"2026-04-10T19:09:29","slug":"hakkimizda","status":"publish","type":"page","link":"https:\/\/trakyacityhotel.com\/de\/hakkimizda\/","title":{"rendered":"\u00dcber Uns"},"content":{"rendered":"<div data-elementor-type=\"wp-page\" data-elementor-id=\"2527\" class=\"elementor elementor-2527\">\n\t\t\t\t<div class=\"elementor-element elementor-element-2755c2d e-con-full e-flex e-con e-parent\" data-id=\"2755c2d\" data-element_type=\"container\" data-e-type=\"container\">\n\t\t\t\t<div class=\"elementor-element elementor-element-bb07961 elementor-widget elementor-widget-about\" data-id=\"bb07961\" data-element_type=\"widget\" data-e-type=\"widget\" data-widget_type=\"about.default\">\n\t\t\t\t<div class=\"elementor-widget-container\">\n\t\t\t\t\t\r\n        \r\n            <section class=\"luxivo-about-sec pt-120\">\r\n                <div class=\"container\">\r\n                    <div class=\"row\">\r\n                        <div class=\"col-lg-12\">\r\n                            <!-- Luxivo Content Box -->\r\n                            <div class=\"luxivo-about-content-box text-center mb-60\">\r\n                                <div class=\"section-title mb-30\">\r\n                                    <span class=\"line d-block mb-10\" data-aos=\"fade-up\" data-aos-duration=\"800\"><img decoding=\"async\" src=\"https:\/\/trakyacityhotel.com\/wp-content\/themes\/luxivo\/assets\/images\/home-one\/gallery\/d-line.png\" alt=\"line\"><\/span>\r\n                                                                        <span class=\"sub-title\" data-aos=\"fade-up\" data-aos-duration=\"1000\">Trakya CIty Hotel<\/span>\r\n                                                                        <h2 data-aos=\"fade-up\" data-aos-duration=\"1200\">Die Adresse f\u00fcr modernes Stadthotelwesen in Edirne<\/h2> \r\n                                <\/div>\r\n                                                                <p data-aos=\"fade-up\" data-aos-duration=\"1400\">Mit einer Politik der Sauberkeit, des freundlichen Service und einer fairen Preisgestaltung arbeitet unser System nach einem kundenorientierten Serviceverst\u00e4ndnis.\n\nUnsere Anlage im historischen und touristischen Zentrum von Edirne verf\u00fcgt \u00fcber alle Qualit\u00e4ten, die man in einem Stadthotel ben\u00f6tigt. Neben unseren 11 Loft-, 23 Deluxe-, 6 Familienzimmern, 3 JR. Suiten und 6 Suiten verf\u00fcgt unser Hotel \u00fcber einen gro\u00dfen und ger\u00e4umigen Fr\u00fchst\u00fcckssaal sowie einen voll ausgestatteten Tagungs- und Seminarraum.\n\nIn unserer Anlage gibt es einen gro\u00dfen kostenlosen Parkplatz, auf dem unsere Kunden ihre Fahrzeuge bequem parken k\u00f6nnen; auf Wunsch wird auch ein Valet-Service angeboten. Wir bieten einen Gep\u00e4ckservice f\u00fcr Ihren Check-in und Check-out an. Dar\u00fcber hinaus k\u00f6nnen Sie den kostenlosen WLAN-Service nutzen, den wir in den \u00f6ffentlichen Bereichen und Zimmern unseres Hotels anbieten.<\/br><\/br>\n\nWir bieten Ihnen einen 24-Stunden-Sicherheitsdienst und Zimmerservice, wobei alle \u00f6ffentlichen Bereiche unseres Hotels zu Ihrer Sicherheit video\u00fcberwacht werden. Die Zimmer sind standardm\u00e4\u00dfig mit allen Annehmlichkeiten wie Handt\u00fcchern, Hausschuhen, Shampoo, Duschgel, Schuhanziehern und Duschhauben ausgestattet, zudem steht Ihnen rund um die Uhr warmes Wasser zur Verf\u00fcgung.<\/br><\/br>\n\nWir danken Ihnen f\u00fcr Ihr Vertrauen und m\u00f6chten Sie wissen lassen, dass wir jederzeit f\u00fcr Ihr Wohlbefinden und Ihr Gl\u00fcck da sind. Es ist uns eine Ehre und eine gro\u00dfe Freude, Sie bei uns begr\u00fc\u00dfen zu d\u00fcrfen.<\/p>\r\n                                                                                             <\/div>\r\n                        <\/div>\r\n                    <\/div>\r\n                <\/div>\r\n                <div class=\"container-fluid\">\r\n                    <!-- Gallery Slider -->\r\n                    <div class=\"gallery-slider-two\" data-aos=\"fade-up\" data-aos-duration=\"2200\">\r\n                                                <!--=== Gallery Item ===-->\r\n                        <div class=\"luxivo-gallery-item style-two\">\r\n                            <div class=\"thumbnail\">\r\n                                <img decoding=\"async\" src=\"https:\/\/trakyacityhotel.com\/wp-content\/uploads\/2026\/04\/1-scaled.jpg\" alt=\"Gallery Image\">\r\n                                <div class=\"hover-content\">\r\n                                    <a href=\"https:\/\/trakyacityhotel.com\/wp-content\/uploads\/2026\/04\/1-scaled.jpg\" class=\"img-popup icon-btn\"><i class=\"far fa-plus\"><\/i><\/a>\r\n                                <\/div>\r\n                            <\/div>\r\n                        <\/div>\r\n                                                <!--=== Gallery Item ===-->\r\n                        <div class=\"luxivo-gallery-item style-two\">\r\n                            <div class=\"thumbnail\">\r\n                                <img decoding=\"async\" src=\"https:\/\/trakyacityhotel.com\/wp-content\/uploads\/2026\/04\/26-04-09-19-52-29-1123-1-scaled.jpg\" alt=\"Gallery Image\">\r\n                                <div class=\"hover-content\">\r\n                                    <a href=\"https:\/\/trakyacityhotel.com\/wp-content\/uploads\/2026\/04\/26-04-09-19-52-29-1123-1-scaled.jpg\" class=\"img-popup icon-btn\"><i class=\"far fa-plus\"><\/i><\/a>\r\n                                <\/div>\r\n                            <\/div>\r\n                        <\/div>\r\n                                                <!--=== Gallery Item ===-->\r\n                        <div class=\"luxivo-gallery-item style-two\">\r\n                            <div class=\"thumbnail\">\r\n                                <img decoding=\"async\" src=\"https:\/\/trakyacityhotel.com\/wp-content\/uploads\/2026\/04\/26-04-09-19-57-21-1157-scaled.jpg\" alt=\"Gallery Image\">\r\n                                <div class=\"hover-content\">\r\n                                    <a href=\"https:\/\/trakyacityhotel.com\/wp-content\/uploads\/2026\/04\/26-04-09-19-57-21-1157-scaled.jpg\" class=\"img-popup icon-btn\"><i class=\"far fa-plus\"><\/i><\/a>\r\n                                <\/div>\r\n                            <\/div>\r\n                        <\/div>\r\n                                                <!--=== Gallery Item ===-->\r\n                        <div class=\"luxivo-gallery-item style-two\">\r\n                            <div class=\"thumbnail\">\r\n                                <img decoding=\"async\" src=\"https:\/\/trakyacityhotel.com\/wp-content\/uploads\/2026\/04\/26-04-09-20-00-29-1177-scaled.jpg\" alt=\"Gallery Image\">\r\n                                <div class=\"hover-content\">\r\n                                    <a href=\"https:\/\/trakyacityhotel.com\/wp-content\/uploads\/2026\/04\/26-04-09-20-00-29-1177-scaled.jpg\" class=\"img-popup icon-btn\"><i class=\"far fa-plus\"><\/i><\/a>\r\n                                <\/div>\r\n                            <\/div>\r\n                        <\/div>\r\n                                                <!--=== Gallery Item ===-->\r\n                        <div class=\"luxivo-gallery-item style-two\">\r\n                            <div class=\"thumbnail\">\r\n                                <img decoding=\"async\" src=\"https:\/\/trakyacityhotel.com\/wp-content\/uploads\/2026\/04\/26-04-09-19-53-58-1140-scaled.jpg\" alt=\"Gallery Image\">\r\n                                <div class=\"hover-content\">\r\n                                    <a href=\"https:\/\/trakyacityhotel.com\/wp-content\/uploads\/2026\/04\/26-04-09-19-53-58-1140-scaled.jpg\" class=\"img-popup icon-btn\"><i class=\"far fa-plus\"><\/i><\/a>\r\n                                <\/div>\r\n                            <\/div>\r\n                        <\/div>\r\n                                                <!--=== Gallery Item ===-->\r\n                        <div class=\"luxivo-gallery-item style-two\">\r\n                            <div class=\"thumbnail\">\r\n                                <img decoding=\"async\" src=\"https:\/\/trakyacityhotel.com\/wp-content\/uploads\/2026\/04\/26-04-09-20-09-14-1201-1-scaled.jpg\" alt=\"Gallery Image\">\r\n                                <div class=\"hover-content\">\r\n                                    <a href=\"https:\/\/trakyacityhotel.com\/wp-content\/uploads\/2026\/04\/26-04-09-20-09-14-1201-1-scaled.jpg\" class=\"img-popup icon-btn\"><i class=\"far fa-plus\"><\/i><\/a>\r\n                                <\/div>\r\n                            <\/div>\r\n                        <\/div>\r\n                                                <!--=== Gallery Item ===-->\r\n                        <div class=\"luxivo-gallery-item style-two\">\r\n                            <div class=\"thumbnail\">\r\n                                <img decoding=\"async\" src=\"https:\/\/trakyacityhotel.com\/wp-content\/uploads\/2026\/04\/26-04-09-20-05-47-1192-scaled.jpg\" alt=\"Gallery Image\">\r\n                                <div class=\"hover-content\">\r\n                                    <a href=\"https:\/\/trakyacityhotel.com\/wp-content\/uploads\/2026\/04\/26-04-09-20-05-47-1192-scaled.jpg\" class=\"img-popup icon-btn\"><i class=\"far fa-plus\"><\/i><\/a>\r\n                                <\/div>\r\n                            <\/div>\r\n                        <\/div>\r\n                                                <!--=== Gallery Item ===-->\r\n                        <div class=\"luxivo-gallery-item style-two\">\r\n                            <div class=\"thumbnail\">\r\n                                <img decoding=\"async\" src=\"https:\/\/trakyacityhotel.com\/wp-content\/uploads\/2026\/04\/26-04-09-20-25-48-1245-scaled.jpg\" alt=\"Gallery Image\">\r\n                                <div class=\"hover-content\">\r\n                                    <a href=\"https:\/\/trakyacityhotel.com\/wp-content\/uploads\/2026\/04\/26-04-09-20-25-48-1245-scaled.jpg\" class=\"img-popup icon-btn\"><i class=\"far fa-plus\"><\/i><\/a>\r\n                                <\/div>\r\n                            <\/div>\r\n                        <\/div>\r\n                                                <!--=== Gallery Item ===-->\r\n                        <div class=\"luxivo-gallery-item style-two\">\r\n                            <div class=\"thumbnail\">\r\n                                <img decoding=\"async\" src=\"https:\/\/trakyacityhotel.com\/wp-content\/uploads\/2026\/04\/26-04-09-19-50-27-1115-1-scaled.jpg\" alt=\"Gallery Image\">\r\n                                <div class=\"hover-content\">\r\n                                    <a href=\"https:\/\/trakyacityhotel.com\/wp-content\/uploads\/2026\/04\/26-04-09-19-50-27-1115-1-scaled.jpg\" class=\"img-popup icon-btn\"><i class=\"far fa-plus\"><\/i><\/a>\r\n                                <\/div>\r\n                            <\/div>\r\n                        <\/div>\r\n                                                <!--=== Gallery Item ===-->\r\n                        <div class=\"luxivo-gallery-item style-two\">\r\n                            <div class=\"thumbnail\">\r\n                                <img decoding=\"async\" src=\"https:\/\/trakyacityhotel.com\/wp-content\/uploads\/2026\/04\/26-04-09-20-04-39-1184-scaled.jpg\" alt=\"Gallery Image\">\r\n                                <div class=\"hover-content\">\r\n                                    <a href=\"https:\/\/trakyacityhotel.com\/wp-content\/uploads\/2026\/04\/26-04-09-20-04-39-1184-scaled.jpg\" class=\"img-popup icon-btn\"><i class=\"far fa-plus\"><\/i><\/a>\r\n                                <\/div>\r\n                            <\/div>\r\n                        <\/div>\r\n                                                <!--=== Gallery Item ===-->\r\n                        <div class=\"luxivo-gallery-item style-two\">\r\n                            <div class=\"thumbnail\">\r\n                                <img decoding=\"async\" src=\"https:\/\/trakyacityhotel.com\/wp-content\/uploads\/2026\/04\/26-04-09-20-18-58-1228-scaled.jpg\" alt=\"Gallery Image\">\r\n                                <div class=\"hover-content\">\r\n                                    <a href=\"https:\/\/trakyacityhotel.com\/wp-content\/uploads\/2026\/04\/26-04-09-20-18-58-1228-scaled.jpg\" class=\"img-popup icon-btn\"><i class=\"far fa-plus\"><\/i><\/a>\r\n                                <\/div>\r\n                            <\/div>\r\n                        <\/div>\r\n                                                <!--=== Gallery Item ===-->\r\n                        <div class=\"luxivo-gallery-item style-two\">\r\n                            <div class=\"thumbnail\">\r\n                                <img decoding=\"async\" src=\"https:\/\/trakyacityhotel.com\/wp-content\/uploads\/2026\/04\/26-04-09-20-19-06-1229-scaled.jpg\" alt=\"Gallery Image\">\r\n                                <div class=\"hover-content\">\r\n                                    <a href=\"https:\/\/trakyacityhotel.com\/wp-content\/uploads\/2026\/04\/26-04-09-20-19-06-1229-scaled.jpg\" class=\"img-popup icon-btn\"><i class=\"far fa-plus\"><\/i><\/a>\r\n                                <\/div>\r\n                            <\/div>\r\n                        <\/div>\r\n                            \r\n                    <\/div>\r\n                <\/div>\r\n            <\/section>\r\n\r\n\r\n        \r\n    \t\t\t\t<\/div>\n\t\t\t\t<\/div>\n\t\t\t\t<\/div>\n\t\t<div class=\"elementor-element elementor-element-e4c1f97 e-con-full e-flex e-con e-parent\" data-id=\"e4c1f97\" data-element_type=\"container\" data-e-type=\"container\">\n\t\t\t\t<div class=\"elementor-element elementor-element-3025165 elementor-widget elementor-widget-tp-award\" data-id=\"3025165\" data-element_type=\"widget\" data-e-type=\"widget\" data-widget_type=\"tp-award.default\">\n\t\t\t\t<div class=\"elementor-widget-container\">\n\t\t\t\t\t\r\n\r\n     \r\n            <section class=\"luxivo-features-sec pb-80 pt-100\">\r\n                <div class=\"container\">\r\n                    <div class=\"row justify-content-center\">\r\n                                                \r\n                        <div class=\"col-xl-4 col-md-6\">\r\n                            <!-- Luxivo Features Item -->\r\n                            <div class=\"luxivo-feature-item style-two mb-40\" data-aos=\"fade-up\" data-aos-duration=\"1000\">\r\n                                <div class=\"icon\">\r\n                                    <img decoding=\"async\" src=\"https:\/\/trakyacityhotel.com\/wp-content\/uploads\/2025\/10\/icon-1.png\" alt=\"\" >\r\n                                <\/div>\r\n                                <div class=\"content\">\r\n                                    <h4>Drei-Sterne-Komfort<\/h4>\r\n                                    <p>Genie\u00dfen Sie den Komfort im Herzen der Stadt in unseren modernen Zimmern, die Ihnen die herzliche Geborgenheit Ihres Zuhauses bieten.\n<\/p>\r\n                                <\/div>\r\n                            <\/div>\r\n                        <\/div>\r\n                                                \r\n                        <div class=\"col-xl-4 col-md-6\">\r\n                            <!-- Luxivo Features Item -->\r\n                            <div class=\"luxivo-feature-item style-two mb-40\" data-aos=\"fade-up\" data-aos-duration=\"1000\">\r\n                                <div class=\"icon\">\r\n                                    <img decoding=\"async\" src=\"https:\/\/trakyacityhotel.com\/wp-content\/uploads\/2025\/10\/icon-2.png\" alt=\"\" >\r\n                                <\/div>\r\n                                <div class=\"content\">\r\n                                    <h4>Ihre Sicherheit ist unsere Priorit\u00e4t<\/h4>\r\n                                    <p>In unseren Zimmern und allen \u00f6ffentlichen Bereichen wenden wir akribisch die h\u00f6chsten Hygienestandards an.\n<\/p>\r\n                                <\/div>\r\n                            <\/div>\r\n                        <\/div>\r\n                                                \r\n                        <div class=\"col-xl-4 col-md-6\">\r\n                            <!-- Luxivo Features Item -->\r\n                            <div class=\"luxivo-feature-item style-two mb-40\" data-aos=\"fade-up\" data-aos-duration=\"1000\">\r\n                                <div class=\"icon\">\r\n                                    <img decoding=\"async\" src=\"https:\/\/trakyacityhotel.com\/wp-content\/uploads\/2025\/10\/icon-3.png\" alt=\"\" >\r\n                                <\/div>\r\n                                <div class=\"content\">\r\n                                    <h4>24-Stunden-Rezeption<\/h4>\r\n                                    <p>Unser freundliches und erfahrenes Team ist jederzeit f\u00fcr Sie da, um Ihnen rund um die Uhr einen erstklassigen und reibungslosen Service zu bieten.\n<\/p>\r\n                                <\/div>\r\n                            <\/div>\r\n                        <\/div>\r\n                                            <\/div>\r\n                <\/div>\r\n            <\/section>\r\n\r\n         \r\n\r\n    \t\t\t\t<\/div>\n\t\t\t\t<\/div>\n\t\t\t\t<\/div>\n\t\t<div class=\"elementor-element elementor-element-3b31cb8 e-con-full e-flex e-con e-parent\" data-id=\"3b31cb8\" data-element_type=\"container\" data-e-type=\"container\">\n\t\t\t\t<div class=\"elementor-element elementor-element-7a580ec elementor-widget elementor-widget-hotel-facilities\" data-id=\"7a580ec\" data-element_type=\"widget\" data-e-type=\"widget\" data-widget_type=\"hotel-facilities.default\">\n\t\t\t\t<div class=\"elementor-widget-container\">\n\t\t\t\t\t\r\n        \r\n            <section class=\"luxivo-choose_two pt-120 pb-120\">\r\n                <div class=\"container\">\r\n                    <div class=\"row justify-content-center\">\r\n                        <div class=\"col-xl-6 col-lg-8 col-md-10\">\r\n                            <!-- Luxivo Content Box -->\r\n                            <div class=\"luxivo-content-box mb-5 mb-xl-0\">\r\n                                                                <div class=\"section-title\">\r\n                                    <span class=\"line d-block mb-10\" data-aos=\"fade-up\" data-aos-duration=\"800\"><img decoding=\"async\" src=\"https:\/\/trakyacityhotel.com\/wp-content\/themes\/luxivo\/assets\/images\/home-one\/gallery\/d-line.png\" alt=\"line\"><\/span>\r\n                                                                        <span class=\"sub-title\" data-aos=\"fade-up\" data-aos-duration=\"1000\">Warum wir?<\/span>\r\n                                                                        <h2 data-aos=\"fade-up\" data-aos-duration=\"1200\" class=\"translation-block\">Verantwortungsbewusst f\u00fcr die Zukunft,<br>\nKomfortabel f\u00fcr Sie<\/h2>                                    \r\n                                <\/div>\r\n                                                                                                <p class=\"mb-30\" data-aos=\"fade-up\" data-aos-duration=\"1400\">Als Trakya City Hotel verbinden wir Ihr \u00dcbernachtungserlebnis mit unserem Respekt vor der Natur und unserem kulturellen Erbe. Mit dem Zertifikat der 2. Stufe, das wir im Rahmen des t\u00fcrkischen Programms f\u00fcr nachhaltigen Tourismus erhalten haben, bieten wir nicht nur ein Hotel, sondern einen umweltfreundlichen Lebensraum, der an die Zukunft denkt. <\/p>\r\n                                                                <div class=\"row\" data-aos=\"fade-up\" data-aos-duration=\"1600\">\r\n                                    <div class=\"col-lg-6\">\r\n                                        <ul class=\"check-list style-one\">\r\n                                                                                         \r\n                                            <li><i class=\"fas fa-badge-check\"><\/i>Umweltfreundliche Unternehmenspolitik<\/li>\r\n                                                                                         \r\n                                            <li><i class=\"fas fa-badge-check\"><\/i>Effektives Abfallmanagement &amp; Recycling<\/li>\r\n                                                                                    <\/ul>\r\n                                    <\/div>\r\n                                    <div class=\"col-lg-6\">\r\n                                        <ul class=\"check-list style-one\">\r\n                                                                                        <li><i class=\"fas fa-badge-check\"><\/i>Energie- und Wassersparsysteme<\/li>\r\n                                                                                        <li><i class=\"fas fa-badge-check\"><\/i>Zertifizierte nachhaltige Servicequalit\u00e4t<\/li>\r\n                                                                                    <\/ul>\r\n                                    <\/div>\r\n                                <\/div>\r\n                                <div class=\"luxivo-button mt-40\" data-aos=\"fade-up\" data-aos-duration=\"1800\">\r\n                                    <a href=\"https:\/\/trakya-city-hotel-1.hotelrunner.com\/bv3\/search?currency=EUR&amp;device_type=desktop&amp;locale=de-DE&amp;opener=www.trakyacityhotel.com&amp;w=1\" target=\"_blank\" rel=\"nofollow\" class=\"theme-btn style-one\" >Reservierung <i class=\"far fa-arrow-right\"><\/i><\/a>\r\n                                <\/div>\r\n                            <\/div>\r\n                        <\/div>\r\n                        <div class=\"col-xl-6 col-lg-8 col-md-10\" data-aos=\"fade-up\" data-aos-duration=\"1000\">\r\n                            <div class=\"luxivo-image\">\r\n                                <img decoding=\"async\" src=\"https:\/\/trakyacityhotel.com\/wp-content\/uploads\/2026\/04\/certs.jpg\" alt=\"\">\r\n                            <\/div>\r\n                        <\/div>\r\n                    <\/div>\r\n                <\/div>\r\n            <\/section>\r\n\r\n            \r\n    \t\t\t\t<\/div>\n\t\t\t\t<\/div>\n\t\t\t\t<\/div>\n\t\t<div class=\"elementor-element elementor-element-a5be1b2 e-con-full e-flex e-con e-parent\" data-id=\"a5be1b2\" data-element_type=\"container\" data-e-type=\"container\">\n\t\t\t\t<div class=\"elementor-element elementor-element-e7c7c5e elementor-widget elementor-widget-tp-fact\" data-id=\"e7c7c5e\" data-element_type=\"widget\" data-e-type=\"widget\" data-widget_type=\"tp-fact.default\">\n\t\t\t\t<div class=\"elementor-widget-container\">\n\t\t\t\t\t\r\n        \r\n            <section class=\"luxivo-counter_one bg_cover pt-110 pb-70\" data-src=\"https:\/\/trakyacityhotel.com\/wp-content\/uploads\/2025\/10\/counter-bg.jpg\">\r\n                <div class=\"container\">\r\n                    <div class=\"row\">\r\n                                                <div class=\"col-lg-3 col-sm-6\">\r\n                            <!-- Luxivo Counter Item -->\r\n                            <div class=\"luxivo-counter-item style-one mb-40\" data-aos=\"fade-up\" data-aos-duration=\"800\">\r\n                                <div class=\"content\">\r\n                                    <h2><span class=\"counter\">49<\/span>+<\/h2>\r\n                                    <p>Zimmer<\/p>\r\n                                <\/div>\r\n                            <\/div>\r\n                        <\/div>\r\n                                                <div class=\"col-lg-3 col-sm-6\">\r\n                            <!-- Luxivo Counter Item -->\r\n                            <div class=\"luxivo-counter-item style-one mb-40\" data-aos=\"fade-up\" data-aos-duration=\"800\">\r\n                                <div class=\"content\">\r\n                                    <h2><span class=\"counter\">85<\/span>k+<\/h2>\r\n                                    <p>Zufriedener Gast<\/p>\r\n                                <\/div>\r\n                            <\/div>\r\n                        <\/div>\r\n                                                <div class=\"col-lg-3 col-sm-6\">\r\n                            <!-- Luxivo Counter Item -->\r\n                            <div class=\"luxivo-counter-item style-one mb-40\" data-aos=\"fade-up\" data-aos-duration=\"800\">\r\n                                <div class=\"content\">\r\n                                    <h2><span class=\"counter\">1.3<\/span>k+<\/h2>\r\n                                    <p>Bewertung<\/p>\r\n                                <\/div>\r\n                            <\/div>\r\n                        <\/div>\r\n                                                <div class=\"col-lg-3 col-sm-6\">\r\n                            <!-- Luxivo Counter Item -->\r\n                            <div class=\"luxivo-counter-item style-one mb-40\" data-aos=\"fade-up\" data-aos-duration=\"800\">\r\n                                <div class=\"content\">\r\n                                    <h2><span class=\"counter\">100<\/span>%<\/h2>\r\n                                    <p>Zufriedenheit<\/p>\r\n                                <\/div>\r\n                            <\/div>\r\n                        <\/div>\r\n                                            <\/div>\r\n                <\/div>\r\n            <\/section>\r\n\r\n        \r\n    \t\t\t\t<\/div>\n\t\t\t\t<\/div>\n\t\t\t\t<\/div>\n\t\t\t\t<\/div>","protected":false},"excerpt":{"rendered":"<p>Trakya CIty Hotel Modern \u015eehir Otelcili\u011finin Edirne\u2019deki Adresi Temiz, g\u00fcler y\u00fczl\u00fc hizmet ve uygun fiyat politikas\u0131 ile \u00e7al\u0131\u015fan sistemimiz m\u00fc\u015fteri memnuniyeti odakl\u0131 hizmet anlay\u0131\u015f\u0131yla \u00e7al\u0131\u015fmaktad\u0131r. Edirne\u2019nin tarihi ve turistik merkezinde kurulu olan tesisimiz bir \u015fehir otelinde ihtiya\u00e7 duyulabilecek b\u00fct\u00fcn niteliklere sahiptir. 11 loft, 23 deluxe, 6 aile, 3 JR. Suit ve 6 suit odaya sahip [&hellip;]<\/p>\n","protected":false},"author":1,"featured_media":0,"parent":0,"menu_order":0,"comment_status":"closed","ping_status":"closed","template":"elementor_header_footer","meta":{"_acf_changed":false,"footnotes":""},"class_list":["post-2527","page","type-page","status-publish","hentry"],"acf":[],"_links":{"self":[{"href":"https:\/\/trakyacityhotel.com\/de\/wp-json\/wp\/v2\/pages\/2527","targetHints":{"allow":["GET"]}}],"collection":[{"href":"https:\/\/trakyacityhotel.com\/de\/wp-json\/wp\/v2\/pages"}],"about":[{"href":"https:\/\/trakyacityhotel.com\/de\/wp-json\/wp\/v2\/types\/page"}],"author":[{"embeddable":true,"href":"https:\/\/trakyacityhotel.com\/de\/wp-json\/wp\/v2\/users\/1"}],"replies":[{"embeddable":true,"href":"https:\/\/trakyacityhotel.com\/de\/wp-json\/wp\/v2\/comments?post=2527"}],"version-history":[{"count":66,"href":"https:\/\/trakyacityhotel.com\/de\/wp-json\/wp\/v2\/pages\/2527\/revisions"}],"predecessor-version":[{"id":4702,"href":"https:\/\/trakyacityhotel.com\/de\/wp-json\/wp\/v2\/pages\/2527\/revisions\/4702"}],"wp:attachment":[{"href":"https:\/\/trakyacityhotel.com\/de\/wp-json\/wp\/v2\/media?parent=2527"}],"curies":[{"name":"wp","href":"https:\/\/api.w.org\/{rel}","templated":true}]}}