{"id":2758,"date":"2025-10-18T03:36:10","date_gmt":"2025-10-18T03:36:10","guid":{"rendered":"http:\/\/localhost\/luxivo\/?page_id=2758"},"modified":"2026-04-10T01:09:48","modified_gmt":"2026-04-09T22:09:48","slug":"iletisim","status":"publish","type":"page","link":"https:\/\/trakyacityhotel.com\/de\/iletisim\/","title":{"rendered":"Kontakt"},"content":{"rendered":"\t\t<div data-elementor-type=\"wp-page\" data-elementor-id=\"2758\" class=\"elementor elementor-2758\">\n\t\t\t\t<div class=\"elementor-element elementor-element-e7c4f58 e-con-full e-flex e-con e-parent\" data-id=\"e7c4f58\" data-element_type=\"container\" data-e-type=\"container\">\n\t\t\t\t<div class=\"elementor-element elementor-element-bb9a5f6 elementor-widget elementor-widget-contact-info\" data-id=\"bb9a5f6\" data-element_type=\"widget\" data-e-type=\"widget\" data-widget_type=\"contact-info.default\">\n\t\t\t\t<div class=\"elementor-widget-container\">\n\t\t\t\t\t\r\n        \r\n            <section class=\"luxivo-contact-sec pt-110 pb-120\">\r\n                <div class=\"container\">\r\n                    <div class=\"row justify-content-center\">\r\n                        <div class=\"col-lg-10\">\r\n                            <!--=== Text Box ===-->\r\n                            <div class=\"text-box text-center mb-50\">\r\n                                                                <h3 class=\"mb-30\" data-aos=\"fade-up\" data-aos-duration=\"800\">Online rezervasyonunuz i\u00e7in yard\u0131ma m\u0131 ihtiyac\u0131n\u0131z var, sorular\u0131n\u0131z m\u0131 var veya detayl\u0131 bilgi mi istiyorsunuz? <\/h3>\r\n                                                                                                <p data-aos=\"fade-up\" data-aos-duration=\"1000\">Trakya City Hotel ekibi olarak size en iyi hizmeti sunmak i\u00e7in buraday\u0131z. Rezervasyon s\u00fcrecinizi kolayla\u015ft\u0131rmak ve t\u00fcm taleplerinize h\u0131zl\u0131ca \u00e7\u00f6z\u00fcm bulmak i\u00e7in bizimle ileti\u015fime ge\u00e7mekten \u00e7ekinmeyin.\n<\/p>\r\n                                                            <\/div>\r\n                        <\/div>\r\n                    <\/div>\r\n                    <div class=\"row\">\r\n                        <div class=\"col-lg-5\">\r\n                            <!--=== Contact Info Wrapper ===-->\r\n                            <div class=\"contact-info-wrapper mb-5 mb-xl-0\" data-aos=\"fade-up\" data-aos-duration=\"800\">\r\n                                <div class=\"contact-info-box\">\r\n                                       \r\n                                    <div class=\"luxivo-info-box text-center\">\r\n                                        <div class=\"content\">\r\n                                            <h3>Adres:<\/h3>\r\n                                            <p>Sabuni Mahallesi Mehmet A\u011fa Sokak No:21 <\/br>Edirne\/Merkez\n<\/p>\r\n                                        <\/div>\r\n                                    <\/div>\r\n                                        \r\n                                    <div class=\"luxivo-info-box text-center\">\r\n                                        <div class=\"content\">\r\n                                            <h3>\u0130leti\u015fim:<\/h3>\r\n                                            <p>+90 284 214 65 75<br>\n+90 538 273 11 34<\/br>\ninfo@trakyacityotel.com<\/p>\r\n                                        <\/div>\r\n                                    <\/div>\r\n                                     \r\n                                    <div class=\"luxivo-info-box text-center\">\r\n                                        <div class=\"content\">\r\n                                                                                        <h3 class=\"mb-20\">Takip Edin:<\/h3>\r\n                                                                                        <div class=\"social-box\">\r\n                                                  \r\n                                                <a href=\"https:\/\/www.facebook.com\/trakyacityhotel\/\"><i class=\"fab fa-facebook-f\"><\/i><\/a>\r\n                                                   \r\n                                                <a href=\"https:\/\/www.instagram.com\/trakyacityhotel\/\"><i class=\"fab fa-instagram\"><\/i><\/a>\r\n                                                                                             <\/div>\r\n                                        <\/div>\r\n                                    <\/div>\r\n                                <\/div>\r\n                            <\/div>\r\n                        <\/div>\r\n                        <div class=\"col-lg-7\">\r\n                            <!--=== Contact Wrapper ===-->\r\n                            <div class=\"contact-form-wrapper\" data-aos=\"fade-up\" data-aos-duration=\"1000\">\r\n                                <h3 class=\"mb-50\"><\/h3>\r\n                                <div class=\"contact-form contact-form-3\">\r\n                                                                           <div class='fluentform ff-default fluentform_wrapper_4 ffs_custom_wrap'><form data-form_id=\"4\" id=\"fluentform_4\" class=\"frm-fluent-form fluent_form_4 ff-el-form-top ff_form_instance_4_1 ff-form-loading ffs_custom\" data-form_instance=\"ff_form_instance_4_1\" method=\"POST\" ><fieldset  style=\"border: none!important;margin: 0!important;padding: 0!important;background-color: transparent!important;box-shadow: none!important;outline: none!important; min-inline-size: 100%;\">\n                    <legend class=\"ff_screen_reader_title\" style=\"display: block; margin: 0!important;padding: 0!important;height: 0!important;text-indent: -999999px;width: 0!important;overflow:hidden;\">iletisim<\/legend><input type='hidden' name='__fluent_form_embded_post_id' value='2758' \/><input type=\"hidden\" id=\"_fluentform_4_fluentformnonce\" name=\"_fluentform_4_fluentformnonce\" value=\"e96ad0d95b\" \/><input type=\"hidden\" name=\"_wp_http_referer\" value=\"\/de\/wp-json\/wp\/v2\/pages\/2758\" \/><div data-type=\"name-element\" data-name=\"names\" class=\" ff-field_container ff-name-field-wrapper\" ><div class='ff-t-container'><div class='ff-t-cell '><div class='ff-el-group ff-el-form-top'><div class=\"ff-el-input--label ff-el-is-required asterisk-right\"><label for='ff_4_names_first_name_' id='label_ff_4_names_first_name_' >Ad-Soyad<\/label><\/div><div class='ff-el-input--content'><input type=\"text\" name=\"names[first_name]\" id=\"ff_4_names_first_name_\" class=\"ff-el-form-control\" aria-invalid=\"false\" aria-required=true><\/div><\/div><\/div><\/div><\/div><div class='ff-el-group'><div class=\"ff-el-input--label ff-el-is-required asterisk-right\"><label for='ff_4_email' id='label_ff_4_email' aria-label=\"E-Posta Adresi\">E-Posta Adresi<\/label><\/div><div class='ff-el-input--content'><input type=\"email\" name=\"email\" id=\"ff_4_email\" class=\"ff-el-form-control\" data-name=\"email\"  aria-invalid=\"false\" aria-required=true><\/div><\/div><div class='ff-el-group'><div class=\"ff-el-input--label ff-el-is-required asterisk-right\"><label for='ff_4_phone' id='label_ff_4_phone' aria-label=\"Telefon\">Telefon<\/label><\/div><div class='ff-el-input--content'><input name=\"phone\" class=\"ff-el-form-control ff-el-phone ff_el_with_extended_validation\" type=\"tel\" data-name=\"phone\" id=\"ff_4_phone\" inputmode=\"tel\"  aria-invalid='false' aria-required=true><\/div><\/div><div class='ff-el-group'><div class=\"ff-el-input--label ff-el-is-required asterisk-right\"><label for='ff_4_description' id='label_ff_4_description' aria-label=\"Mesaj\u0131n\u0131z\">Mesaj\u0131n\u0131z<\/label><\/div><div class='ff-el-input--content'><textarea aria-required=\"true\" aria-labelledby=\"label_ff_4_description\" name=\"description\" id=\"ff_4_description\" class=\"ff-el-form-control\" rows=\"3\" cols=\"2\" data-name=\"description\" ><\/textarea><\/div><\/div><div class='ff-el-group ff-text-left ff_submit_btn_wrapper'><button type=\"submit\" class=\"ff-btn ff-btn-submit ff-btn-md ff_btn_style\"  aria-label=\"G\u00f6nder\">G\u00f6nder<\/button><\/div><\/fieldset><\/form><div id='fluentform_4_errors' class='ff-errors-in-stack ff_form_instance_4_1 ff-form-loading_errors ff_form_instance_4_1_errors'><\/div><\/div>            <script type=\"text\/javascript\">\n                window.fluent_form_ff_form_instance_4_1 = {\"id\":\"4\",\"settings\":{\"layout\":{\"labelPlacement\":\"top\",\"asteriskPlacement\":\"asterisk-right\",\"helpMessagePlacement\":\"with_label\",\"errorMessagePlacement\":\"inline\",\"cssClassName\":\"\"},\"restrictions\":{\"denyEmptySubmission\":{\"enabled\":false}}},\"form_instance\":\"ff_form_instance_4_1\",\"form_id_selector\":\"fluentform_4\",\"rules\":{\"names[first_name]\":{\"required\":{\"value\":true,\"message\":\"Bu alan\\u0131 doldurmal\\u0131s\\u0131n\\u0131z.\",\"global_message\":\"This field is required\",\"global\":false}},\"names[middle_name]\":{\"required\":{\"value\":false,\"message\":\"Dieses Feld ist erforderlich\",\"global_message\":\"This field is required\",\"global\":true}},\"names[last_name]\":{\"required\":{\"value\":false,\"message\":\"Dieses Feld ist erforderlich\",\"global_message\":\"This field is required\",\"global\":true}},\"email\":{\"required\":{\"value\":true,\"message\":\"Bu alan\\u0131 doldurmal\\u0131s\\u0131n\\u0131z.\",\"global_message\":\"This field is required\",\"global\":false},\"email\":{\"value\":true,\"message\":\"L\\u00fctfen ge\\u00e7erli bir e-posta adresi girin.\",\"global_message\":\"This field must contain a valid email\",\"global\":false}},\"phone\":{\"required\":{\"value\":true,\"global\":false,\"message\":\"Bu alan\\u0131 doldurmal\\u0131s\\u0131n\\u0131z.\",\"global_message\":\"This field is required\"},\"valid_phone_number\":{\"value\":true,\"global\":false,\"message\":\"L\\u00fctfen ge\\u00e7erli bir telefon numaras\\u0131 girin.\",\"global_message\":\"Phone number is not valid\"}},\"description\":{\"required\":{\"value\":true,\"message\":\"Bu alan\\u0131 doldurmal\\u0131s\\u0131n\\u0131z.\",\"global_message\":\"This field is required\",\"global\":false}}},\"debounce_time\":300};\n                            <\/script>\n                                                                                <\/div>\r\n                            <\/div>\r\n                        <\/div>\r\n                    <\/div>\r\n                <\/div>\r\n            <\/section><!--======  End Contact Section  ======-->\r\n                        <!--======  Start Map Section  ======-->\r\n            <section class=\"luxivo-map-sec\">\r\n                <!--=== Map Box ===-->\r\n                <div class=\"map-box mb-5 mb-xl-0\" data-aos=\"fade-up\" data-aos-duration=\"1200\">\r\n                    <iframe src=\"https:\/\/www.google.com\/maps\/embed?pb=!1m18!1m12!1m3!1d2980.1710445672825!2d26.554411812998037!3d41.67364927114494!2m3!1f0!2f0!3f0!3m2!1i1024!2i768!4f13.1!3m3!1m2!1s0x14b32f7763a721c7%3A0xfb9e6cb581ca86b3!2sTrakya%20City%20Hotel!5e0!3m2!1str!2str!4v1775637047086!5m2!1str!2str\">\n                    <\/iframe>                    <\/iframe>\r\n                <\/div>\r\n            <\/section>\r\n            \r\n\r\n        \r\n    \t\t\t\t<\/div>\n\t\t\t\t<\/div>\n\t\t\t\t<\/div>\n\t\t\t\t<\/div>\n\t\t","protected":false},"excerpt":{"rendered":"<p>Online rezervasyonunuz i\u00e7in yard\u0131ma m\u0131 ihtiyac\u0131n\u0131z var, sorular\u0131n\u0131z m\u0131 var veya detayl\u0131 bilgi mi istiyorsunuz? Trakya City Hotel ekibi olarak size en iyi hizmeti sunmak i\u00e7in buraday\u0131z. Rezervasyon s\u00fcrecinizi kolayla\u015ft\u0131rmak ve t\u00fcm taleplerinize h\u0131zl\u0131ca \u00e7\u00f6z\u00fcm bulmak i\u00e7in bizimle ileti\u015fime ge\u00e7mekten \u00e7ekinmeyin. Adres: Sabuni Mahallesi Mehmet A\u011fa Sokak No:21 Edirne\/Merkez \u0130leti\u015fim: +90 284 214 65 75 [&hellip;]<\/p>\n","protected":false},"author":1,"featured_media":0,"parent":0,"menu_order":0,"comment_status":"closed","ping_status":"closed","template":"elementor_header_footer","meta":{"_acf_changed":false,"footnotes":""},"class_list":["post-2758","page","type-page","status-publish","hentry"],"acf":[],"_links":{"self":[{"href":"https:\/\/trakyacityhotel.com\/de\/wp-json\/wp\/v2\/pages\/2758","targetHints":{"allow":["GET"]}}],"collection":[{"href":"https:\/\/trakyacityhotel.com\/de\/wp-json\/wp\/v2\/pages"}],"about":[{"href":"https:\/\/trakyacityhotel.com\/de\/wp-json\/wp\/v2\/types\/page"}],"author":[{"embeddable":true,"href":"https:\/\/trakyacityhotel.com\/de\/wp-json\/wp\/v2\/users\/1"}],"replies":[{"embeddable":true,"href":"https:\/\/trakyacityhotel.com\/de\/wp-json\/wp\/v2\/comments?post=2758"}],"version-history":[{"count":21,"href":"https:\/\/trakyacityhotel.com\/de\/wp-json\/wp\/v2\/pages\/2758\/revisions"}],"predecessor-version":[{"id":4495,"href":"https:\/\/trakyacityhotel.com\/de\/wp-json\/wp\/v2\/pages\/2758\/revisions\/4495"}],"wp:attachment":[{"href":"https:\/\/trakyacityhotel.com\/de\/wp-json\/wp\/v2\/media?parent=2758"}],"curies":[{"name":"wp","href":"https:\/\/api.w.org\/{rel}","templated":true}]}}